{"id":302,"date":"2016-12-01T03:18:46","date_gmt":"2016-12-01T03:18:46","guid":{"rendered":"http:\/\/navarropazos.com\/en\/?page_id=302"},"modified":"2022-03-10T16:05:49","modified_gmt":"2022-03-10T16:05:49","slug":"clients-2","status":"publish","type":"page","link":"https:\/\/navarropazos.com\/en\/clients-2\/","title":{"rendered":"Clients"},"content":{"rendered":"<div class=\"wpb-content-wrapper\"><p>[vc_row type=&#8221;full_width_content&#8221; bg_parallax=&#8221;&#8221; color_overlay=&#8221;&#8221; vu_equal_height_columns=&#8221;&#8221; row_id=&#8221;&#8221; el_class=&#8221;&#8221;][vc_column vu_vertical_align=&#8221;middle&#8221; width=&#8221;1\/6&#8243;][\/vc_column][vc_column vu_vertical_align=&#8221;middle&#8221; width=&#8221;4\/6&#8243;][vc_custom_heading text=&#8221;Our Clients&#8221; font_container=&#8221;tag:h1|text_align:left|color:%230a152d|line_height:2&#8243; use_theme_fonts=&#8221;yes&#8221; el_class=&#8221;linea-vertical&#8221;][vc_column_text css_animation=&#8221;left-to-right&#8221;]We assist a diverse portfolio of important national and foreign clients with a personalized service model with high standards of efficiency and rigorous adherence to professional ethics and transparency.[\/vc_column_text][vc_empty_space height=&#8221;82px&#8221;][\/vc_column][vc_column vu_vertical_align=&#8221;middle&#8221; width=&#8221;1\/6&#8243;][\/vc_column][\/vc_row][vc_row type=&#8221;full_width_content&#8221; bg_parallax=&#8221;&#8221; color_overlay=&#8221;&#8221; vu_equal_height_columns=&#8221;&#8221; row_id=&#8221;clientes-acc&#8221; el_class=&#8221;&#8221; css=&#8221;.vc_custom_1478703186253{background-color: #f4f3ec !important;}&#8221;][vc_column vu_vertical_align=&#8221;middle&#8221; width=&#8221;1\/6&#8243;][\/vc_column][vc_column vu_vertical_align=&#8221;middle&#8221; width=&#8221;2\/3&#8243;][vc_custom_heading text=&#8221;Clients:&#8221; font_container=&#8221;tag:h1|text_align:left|color:%230a152d|line_height:2&#8243; use_theme_fonts=&#8221;yes&#8221; el_class=&#8221;linea-vertical&#8221;][vc_column_text el_class=&#8221;espaciado&#8221;]<\/p>\n<ol>\n<li>Agr\u00edcola Las Llamozas S.A.C. \u2013 Cementerios Campofe<\/li>\n<li>Agr\u00edcola Nor Sur S.A.C.<\/li>\n<li>Agr\u00edcola Santa Azul S.A.C.<\/li>\n<li>American Engineered Products S.A.C.<\/li>\n<li>Andritz Hydro S.A.<\/li>\n<li>Atracciones Coney Island S.A.C.<\/li>\n<li>Asociaci\u00f3n Promoci\u00f3n Cat\u00f3lica<\/li>\n<li>Bectek Contratistas S.A.C.<\/li>\n<li>Boulevares Per\u00fa S.A.C.<\/li>\n<li>Centenario Desarrollo Urbano S.A.C.<\/li>\n<li>Cia Administ De Rest y Similares S.A.C.<\/li>\n<li>HR Latinoam\u00e9rica SAC Corredores de Reaseguros<\/li>\n<li>Cl\u00ednica Stella Maris<\/li>\n<li>Cl\u00ednica Delgado (Grupo Auna)<\/li>\n<li>Ceelimp SAC<\/li>\n<li>Coemco SAC<\/li>\n<li>Compa\u00f1\u00eda Universal Textil S.A.<\/li>\n<li>Compa\u00f1\u00eda de Mar\u00eda (Marianistas)<\/li>\n<li>Consorcio Alta Moda<\/li>\n<li>Consorcio Cosapi-Mota Engil<\/li>\n<li>Consorcio Esteyco Chile e IM3 Per\u00fa<\/li>\n<li>Consorcio Minero Horizonte S.A.<\/li>\n<li>CSI Renting Peru SAC<\/li>\n<li>Ducasse Comercial del Peru S.A.<\/li>\n<li>Edafotec Per\u00fa<\/li>\n<li>El Ancla Group SAC<\/li>\n<li>Electroucayali<\/li>\n<li>Epesa Edificaciones S.R.L<\/li>\n<li>Exea Consulting S.A.C.<\/li>\n<li>Ferrenergy S.A.C.<\/li>\n<li>General Electric Healthcare del Per\u00fa S.A.C.<\/li>\n<li>General Electric Capital<\/li>\n<li>General Electric Company<\/li>\n<li>Gobesa Ingenieros S.A.C.<\/li>\n<li>Grupo FE<\/li>\n<li>Grupo RPP SAC<\/li>\n<li>Giser Peru S.A.C.<\/li>\n<li>Grupo Xifra<\/li>\n<li>Imedia Comunicaciones SAC<\/li>\n<li>Industrias Forestales Del Sur Oriente S.C.R.L.<\/li>\n<li>Ingenieros Emetres Per\u00fa S.A.C<\/li>\n<li>Inmobiliaria DLV S.A.C.<\/li>\n<li>Inmobiliaria Las Leyendas SAC<\/li>\n<li>Inversiones Centenario S.A.A.<\/li>\n<li>Inversiones Mapiri S.A.<\/li>\n<li>Inversiones Santa F\u00e9 S.A.<\/li>\n<li>Inversiones Tur\u00edsticas Vagamundos SAC<\/li>\n<li>Inmobiliaria Chien Mau S.A.<\/li>\n<li>Kyung In Synthetic Corporation Peru S.A. &#8211; Kisco S.A.<\/li>\n<li>Laboratorios Siegfried S.A.C.<\/li>\n<li>Las Kentias S.A.C.<\/li>\n<li>Levex<\/li>\n<li>Lenovo (Asia Pacific) Limited Sucursal Del Peru<\/li>\n<li>Los Portales S.A.<\/li>\n<li>Macchu Picchu Foods S.A.C.<\/li>\n<li>Marina de Guerra del Per\u00fa<\/li>\n<li>Marsh Corredores de Seguros S.A.C.<\/li>\n<li>Medlog Per\u00fa S.A.<\/li>\n<li>Menorca Inversiones S.A.C.<\/li>\n<li>Minera Cronos S.A.C.<\/li>\n<li>Ministerio de Econom\u00eda y Finanzas<\/li>\n<li>Ministerio de la Producci\u00f3n \u2013 PRODUCE<\/li>\n<li>Opalo S.A.<\/li>\n<li>Pacifico Compa\u00f1\u00eda Asesora y Operadora De Hoteles y Restaurantes SAC<\/li>\n<li>Peripheria S.A.C.<\/li>\n<li>Personas S.A.C. Corredores de Seguros<\/li>\n<li>Prima Farms S.A.C.<\/li>\n<li>Puc\u00f3n S.A.<\/li>\n<li>Residencias S.A.<\/li>\n<li>Southern Textile Network S.A.C.<\/li>\n<li>Swiss Rents S.A.C.<\/li>\n<li>Sidley Austin LLP<\/li>\n<li>Tecnolog\u00eda &amp; Tintura Textil S.A.C.<\/li>\n<li>Terrenos e Inversiones Pimentel S.A.<\/li>\n<li>The Warranty Group Peru S.A.C.<\/li>\n<li>Toyota del Per\u00fa S.A.<\/li>\n<li>Transportes Carolina S.A.C.<\/li>\n<li>Transworld Power and Telecom SAC<\/li>\n<li>Valor Inmueble. Conecam S.A.C..<\/li>\n<li>Venteko Per\u00fa S.A.C.<\/li>\n<li>Ventus Corp Peru S.A.C.<\/li>\n<li>WRS Peru S.R.L.<\/li>\n<li>Zinc Industrias Nacionales S.A.<\/li>\n<\/ol>\n<p>[\/vc_column_text][vc_empty_space height=&#8221;82px&#8221;][\/vc_column][vc_column vu_vertical_align=&#8221;middle&#8221; width=&#8221;1\/6&#8243;][\/vc_column][\/vc_row]<\/p>\n<\/div>","protected":false},"excerpt":{"rendered":"<p>[vc_row type=&#8221;full_width_content&#8221; bg_parallax=&#8221;&#8221; color_overlay=&#8221;&#8221; vu_equal_height_columns=&#8221;&#8221; row_id=&#8221;&#8221; el_class=&#8221;&#8221;][vc_column vu_vertical_align=&#8221;middle&#8221; width=&#8221;1\/6&#8243;][\/vc_column][vc_column vu_vertical_align=&#8221;middle&#8221; width=&#8221;4\/6&#8243;][vc_custom_heading text=&#8221;Our Clients&#8221; font_container=&#8221;tag:h1|text_align:left|color:%230a152d|line_height:2&#8243; use_theme_fonts=&#8221;yes&#8221; el_class=&#8221;linea-vertical&#8221;][vc_column_text css_animation=&#8221;left-to-right&#8221;]We assist a diverse portfolio of important national and foreign clients with a personalized service model with high standards of efficiency and rigorous adherence to professional ethics and transparency.[\/vc_column_text][vc_empty_space height=&#8221;82px&#8221;][\/vc_column][vc_column vu_vertical_align=&#8221;middle&#8221; width=&#8221;1\/6&#8243;][\/vc_column][\/vc_row][vc_row type=&#8221;full_width_content&#8221; bg_parallax=&#8221;&#8221; color_overlay=&#8221;&#8221; vu_equal_height_columns=&#8221;&#8221; row_id=&#8221;clientes-acc&#8221; el_class=&#8221;&#8221; css=&#8221;.vc_custom_1478703186253{background-color: [&hellip;]<\/p>\n","protected":false},"author":1,"featured_media":0,"parent":0,"menu_order":0,"comment_status":"closed","ping_status":"closed","template":"","meta":{"footnotes":""},"class_list":["post-302","page","type-page","status-publish","hentry"],"yoast_head":"<!-- This site is optimized with the Yoast SEO plugin v25.6 - https:\/\/yoast.com\/wordpress\/plugins\/seo\/ -->\n<title>Clients - Estudio Navarro &amp; Pazos Abogados S.A.C.<\/title>\n<meta name=\"robots\" content=\"index, follow, max-snippet:-1, max-image-preview:large, max-video-preview:-1\" \/>\n<link rel=\"canonical\" href=\"https:\/\/navarropazos.com\/en\/clients-2\/\" \/>\n<meta property=\"og:locale\" content=\"en_US\" \/>\n<meta property=\"og:type\" content=\"article\" \/>\n<meta property=\"og:title\" content=\"Clients - Estudio Navarro &amp; Pazos Abogados S.A.C.\" \/>\n<meta property=\"og:description\" content=\"[vc_row type=&#8221;full_width_content&#8221; bg_parallax=&#8221;&#8221; color_overlay=&#8221;&#8221; vu_equal_height_columns=&#8221;&#8221; row_id=&#8221;&#8221; el_class=&#8221;&#8221;][vc_column vu_vertical_align=&#8221;middle&#8221; width=&#8221;1\/6&#8243;][\/vc_column][vc_column vu_vertical_align=&#8221;middle&#8221; width=&#8221;4\/6&#8243;][vc_custom_heading text=&#8221;Our Clients&#8221; font_container=&#8221;tag:h1|text_align:left|color:%230a152d|line_height:2&#8243; use_theme_fonts=&#8221;yes&#8221; el_class=&#8221;linea-vertical&#8221;][vc_column_text css_animation=&#8221;left-to-right&#8221;]We assist a diverse portfolio of important national and foreign clients with a personalized service model with high standards of efficiency and rigorous adherence to professional ethics and transparency.[\/vc_column_text][vc_empty_space height=&#8221;82px&#8221;][\/vc_column][vc_column vu_vertical_align=&#8221;middle&#8221; width=&#8221;1\/6&#8243;][\/vc_column][\/vc_row][vc_row type=&#8221;full_width_content&#8221; bg_parallax=&#8221;&#8221; color_overlay=&#8221;&#8221; vu_equal_height_columns=&#8221;&#8221; row_id=&#8221;clientes-acc&#8221; el_class=&#8221;&#8221; css=&#8221;.vc_custom_1478703186253{background-color: [&hellip;]\" \/>\n<meta property=\"og:url\" content=\"https:\/\/navarropazos.com\/en\/clients-2\/\" \/>\n<meta property=\"og:site_name\" content=\"Estudio Navarro &amp; Pazos Abogados S.A.C.\" \/>\n<meta property=\"article:modified_time\" content=\"2022-03-10T16:05:49+00:00\" \/>\n<meta name=\"twitter:card\" content=\"summary_large_image\" \/>\n<meta name=\"twitter:label1\" content=\"Est. reading time\" \/>\n\t<meta name=\"twitter:data1\" content=\"3 minutes\" \/>\n<script type=\"application\/ld+json\" class=\"yoast-schema-graph\">{\"@context\":\"https:\/\/schema.org\",\"@graph\":[{\"@type\":\"WebPage\",\"@id\":\"https:\/\/navarropazos.com\/en\/clients-2\/\",\"url\":\"https:\/\/navarropazos.com\/en\/clients-2\/\",\"name\":\"Clients - Estudio Navarro &amp; Pazos Abogados S.A.C.\",\"isPartOf\":{\"@id\":\"https:\/\/navarropazos.com\/en\/#website\"},\"datePublished\":\"2016-12-01T03:18:46+00:00\",\"dateModified\":\"2022-03-10T16:05:49+00:00\",\"breadcrumb\":{\"@id\":\"https:\/\/navarropazos.com\/en\/clients-2\/#breadcrumb\"},\"inLanguage\":\"en-US\",\"potentialAction\":[{\"@type\":\"ReadAction\",\"target\":[\"https:\/\/navarropazos.com\/en\/clients-2\/\"]}]},{\"@type\":\"BreadcrumbList\",\"@id\":\"https:\/\/navarropazos.com\/en\/clients-2\/#breadcrumb\",\"itemListElement\":[{\"@type\":\"ListItem\",\"position\":1,\"name\":\"Home\",\"item\":\"https:\/\/navarropazos.com\/en\/\"},{\"@type\":\"ListItem\",\"position\":2,\"name\":\"Clients\"}]},{\"@type\":\"WebSite\",\"@id\":\"https:\/\/navarropazos.com\/en\/#website\",\"url\":\"https:\/\/navarropazos.com\/en\/\",\"name\":\"Estudio Navarro &amp; Pazos Abogados S.A.C.\",\"description\":\"Estudio Navarro &amp; Pazos Abogados S.A.C.\",\"potentialAction\":[{\"@type\":\"SearchAction\",\"target\":{\"@type\":\"EntryPoint\",\"urlTemplate\":\"https:\/\/navarropazos.com\/en\/?s={search_term_string}\"},\"query-input\":{\"@type\":\"PropertyValueSpecification\",\"valueRequired\":true,\"valueName\":\"search_term_string\"}}],\"inLanguage\":\"en-US\"}]}<\/script>\n<!-- \/ Yoast SEO plugin. -->","yoast_head_json":{"title":"Clients - Estudio Navarro &amp; Pazos Abogados S.A.C.","robots":{"index":"index","follow":"follow","max-snippet":"max-snippet:-1","max-image-preview":"max-image-preview:large","max-video-preview":"max-video-preview:-1"},"canonical":"https:\/\/navarropazos.com\/en\/clients-2\/","og_locale":"en_US","og_type":"article","og_title":"Clients - Estudio Navarro &amp; Pazos Abogados S.A.C.","og_description":"[vc_row type=&#8221;full_width_content&#8221; bg_parallax=&#8221;&#8221; color_overlay=&#8221;&#8221; vu_equal_height_columns=&#8221;&#8221; row_id=&#8221;&#8221; el_class=&#8221;&#8221;][vc_column vu_vertical_align=&#8221;middle&#8221; width=&#8221;1\/6&#8243;][\/vc_column][vc_column vu_vertical_align=&#8221;middle&#8221; width=&#8221;4\/6&#8243;][vc_custom_heading text=&#8221;Our Clients&#8221; font_container=&#8221;tag:h1|text_align:left|color:%230a152d|line_height:2&#8243; use_theme_fonts=&#8221;yes&#8221; el_class=&#8221;linea-vertical&#8221;][vc_column_text css_animation=&#8221;left-to-right&#8221;]We assist a diverse portfolio of important national and foreign clients with a personalized service model with high standards of efficiency and rigorous adherence to professional ethics and transparency.[\/vc_column_text][vc_empty_space height=&#8221;82px&#8221;][\/vc_column][vc_column vu_vertical_align=&#8221;middle&#8221; width=&#8221;1\/6&#8243;][\/vc_column][\/vc_row][vc_row type=&#8221;full_width_content&#8221; bg_parallax=&#8221;&#8221; color_overlay=&#8221;&#8221; vu_equal_height_columns=&#8221;&#8221; row_id=&#8221;clientes-acc&#8221; el_class=&#8221;&#8221; css=&#8221;.vc_custom_1478703186253{background-color: [&hellip;]","og_url":"https:\/\/navarropazos.com\/en\/clients-2\/","og_site_name":"Estudio Navarro &amp; Pazos Abogados S.A.C.","article_modified_time":"2022-03-10T16:05:49+00:00","twitter_card":"summary_large_image","twitter_misc":{"Est. reading time":"3 minutes"},"schema":{"@context":"https:\/\/schema.org","@graph":[{"@type":"WebPage","@id":"https:\/\/navarropazos.com\/en\/clients-2\/","url":"https:\/\/navarropazos.com\/en\/clients-2\/","name":"Clients - Estudio Navarro &amp; Pazos Abogados S.A.C.","isPartOf":{"@id":"https:\/\/navarropazos.com\/en\/#website"},"datePublished":"2016-12-01T03:18:46+00:00","dateModified":"2022-03-10T16:05:49+00:00","breadcrumb":{"@id":"https:\/\/navarropazos.com\/en\/clients-2\/#breadcrumb"},"inLanguage":"en-US","potentialAction":[{"@type":"ReadAction","target":["https:\/\/navarropazos.com\/en\/clients-2\/"]}]},{"@type":"BreadcrumbList","@id":"https:\/\/navarropazos.com\/en\/clients-2\/#breadcrumb","itemListElement":[{"@type":"ListItem","position":1,"name":"Home","item":"https:\/\/navarropazos.com\/en\/"},{"@type":"ListItem","position":2,"name":"Clients"}]},{"@type":"WebSite","@id":"https:\/\/navarropazos.com\/en\/#website","url":"https:\/\/navarropazos.com\/en\/","name":"Estudio Navarro &amp; Pazos Abogados S.A.C.","description":"Estudio Navarro &amp; Pazos Abogados S.A.C.","potentialAction":[{"@type":"SearchAction","target":{"@type":"EntryPoint","urlTemplate":"https:\/\/navarropazos.com\/en\/?s={search_term_string}"},"query-input":{"@type":"PropertyValueSpecification","valueRequired":true,"valueName":"search_term_string"}}],"inLanguage":"en-US"}]}},"_links":{"self":[{"href":"https:\/\/navarropazos.com\/en\/wp-json\/wp\/v2\/pages\/302","targetHints":{"allow":["GET"]}}],"collection":[{"href":"https:\/\/navarropazos.com\/en\/wp-json\/wp\/v2\/pages"}],"about":[{"href":"https:\/\/navarropazos.com\/en\/wp-json\/wp\/v2\/types\/page"}],"author":[{"embeddable":true,"href":"https:\/\/navarropazos.com\/en\/wp-json\/wp\/v2\/users\/1"}],"replies":[{"embeddable":true,"href":"https:\/\/navarropazos.com\/en\/wp-json\/wp\/v2\/comments?post=302"}],"version-history":[{"count":9,"href":"https:\/\/navarropazos.com\/en\/wp-json\/wp\/v2\/pages\/302\/revisions"}],"predecessor-version":[{"id":475,"href":"https:\/\/navarropazos.com\/en\/wp-json\/wp\/v2\/pages\/302\/revisions\/475"}],"wp:attachment":[{"href":"https:\/\/navarropazos.com\/en\/wp-json\/wp\/v2\/media?parent=302"}],"curies":[{"name":"wp","href":"https:\/\/api.w.org\/{rel}","templated":true}]}}